{"id":418,"date":"2023-09-21T15:02:56","date_gmt":"2023-09-21T15:02:56","guid":{"rendered":"https:\/\/www.xn--crditinstant-ceb.com\/?page_id=418"},"modified":"2023-10-06T13:39:04","modified_gmt":"2023-10-06T13:39:04","slug":"politique-de-confidentialite","status":"publish","type":"page","link":"https:\/\/www.xn--crditinstant-ceb.com\/fr\/politique-de-confidentialite\/","title":{"rendered":"Politique de confidentialit\u00e9"},"content":{"rendered":"<p>Date d\u2019entr\u00e9e en vigueur : 12 septembre 2023<\/p>\n<p>Chez Credit instant, nous respectons votre droit \u00e0 la vie priv\u00e9e et \u00e0 la confidentialit\u00e9 de vos renseignements personnels. Nous nous engageons \u00e0 les prot\u00e9ger et \u00e0 les utiliser que pour les fins auxquelles elles ont \u00e9t\u00e9 recueillies. Nous voulons vous pr\u00e9ciser \u00e0 quelles fins et de quelles mani\u00e8res nous recueillons les renseignements personnels et vous informer sur la mani\u00e8re dont ils sont conserv\u00e9s, utilis\u00e9s et divulgu\u00e9s.<\/p>\n<p>La politique de confidentialit\u00e9 s\u2019\u00e9tend \u00e0 tous les renseignements personnels recueillis par Credit instant \u00e0 partir du site Internet Credit instant (https:\/\/www.cr\u00e9ditinstant.com\/, ci-apr\u00e8s : le \u00ab Site \u00bb)(la \u00ab Politique \u00bb). La Politique est subordonn\u00e9e \u00e0 la loi qu\u00e9b\u00e9coise en cette mati\u00e8re, la <em>Loi sur la protection des renseignements personnels dans le secteur priv\u00e9<\/em> (LPRPSP), ainsi qu\u2019aux autres dispositions l\u00e9gislatives et r\u00e9glementaires applicables.<\/p>\n<h2>Lois applicables<\/h2>\n<p>La Politique est conforme aux lois \u00e9nonc\u00e9es sur la LPRPSP.<\/p>\n<p>Pour les r\u00e9sidents des autres provinces canadiennes, la loi sp\u00e9cifique de votre province s\u2019y appliquera ou, \u00e0 d\u00e9faut de loi sp\u00e9cifique, la <em>Loi sur la protection des renseignements personnels et les documents \u00e9lectroniques<\/em> (LPRPDE). S\u2019il y a des incoh\u00e9rences entre la Politique, la loi de votre province ou la LPRPDE, la loi de votre province ou la LPRPDE s\u2019appliquera.<\/p>\n<p>Pour les r\u00e9sidents des pays de l\u2019UE, le R\u00e8glement g\u00e9n\u00e9ral sur la protection des donn\u00e9es (RGPD) r\u00e9git toutes les politiques de protection des donn\u00e9es, quel que soit l\u2019endroit o\u00f9 se trouve le site. La Politique vise \u00e0 se conformer au RGPD. S\u2019il y a des incoh\u00e9rences entre la Politique et le RGPD, le RGPD s\u2019appliquera.<\/p>\n<p>Pour les r\u00e9sidents de l\u2019\u00c9tat de Californie, cette Politique vise \u00e0 se conformer \u00e0 la California Consumer Privacy Act (CCPA). S\u2019il y a des incoh\u00e9rences entre ce document et la CCPA, la l\u00e9gislation de l\u2019\u00c9tat s\u2019appliquera. Si nous constatons des incoh\u00e9rences, nous modifierons notre politique pour nous conformer \u00e0 la loi pertinente.<\/p>\n<h2>Consentement<\/h2>\n<p>En acc\u00e9dant et en utilisant le Site, vous consentez \u00e0 :<\/p>\n<ul>\n<li>les conditions \u00e9nonc\u00e9es dans la Politique;<\/li>\n<li>la collecte, l\u2019utilisation et la conservation des renseignements personnels \u00e9num\u00e9r\u00e9s dans la Politique.<\/li>\n<\/ul>\n<h2>Responsable de la protection des renseignements personnels<\/h2>\n<p>Brandon Gaudreault<br \/>\n<a href=\"mailto:Brandongod@outlook.fr\" target=\"_blank\" rel=\"noopener\">Brandongod@outlook.fr<\/a><br \/>\n450 776-4892<\/p>\n<h2>Renseignements personnels collect\u00e9s<\/h2>\n<p>Nous ne recueillons que les renseignements personnels n\u00e9cessaires \u00e0 la r\u00e9alisation de l\u2019objectif d\u00e9fini dans la Politique. Nous ne collectons aucun autre renseignement personnel suppl\u00e9mentaire sans vous en informer au pr\u00e9alable.<\/p>\n<h2>Renseignements personnels collect\u00e9s automatiquement<\/h2>\n<p>Nous ne collectons aucun renseignement personnel automatiquement sur notre Site.<\/p>\n<h2>Renseignements personnels recueillis de mani\u00e8re non automatique<\/h2>\n<p>En visitant et en utilisant le Site, nous pouvons collecter et sauvegarder les informations ci-dessous lorsque vous effectuez certaines fonctions :<\/p>\n<ul>\n<li>des coordonn\u00e9es professionnelles et\/ou personnelles, comme un pr\u00e9nom, un nom, adresse postale, adresse courriel et num\u00e9ros de t\u00e9l\u00e9phone<\/li>\n<li>des renseignements sur l\u2019utilisation du Site et d\u2019autres renseignements techniques, comme des d\u00e9tails concernant les visites, votre interaction avec notre publicit\u00e9 et notre contenu en ligne, ou des renseignements recueillis au moyen de t\u00e9moins et d\u2019autres technologies de suivi.<\/li>\n<\/ul>\n<p>Ces renseignements personnels peuvent \u00eatre recueillis au moyen des m\u00e9thodes suivantes :<\/p>\n<ul>\n<li>lorsque vous postulez pour devenir b\u00e9n\u00e9vole, membre ou partenaire<\/li>\n<li>lorsque vous communiquez avec nous pour question ou commentaire<\/li>\n<\/ul>\n<h2>Utilisation des renseignements personnels<\/h2>\n<p>Les renseignements personnels recueillis sur notre Site seront utilis\u00e9s uniquement aux fins pr\u00e9cis\u00e9s dans la Politique ou indiqu\u00e9s sur les pages importantes de notre Site. Nous n&#8217;utilisons pas vos renseignements au-del\u00e0 de ce que nous divulguerons.<\/p>\n<p>Les renseignements recueillis sont utilis\u00e9s par Credit instant pour les raisons suivantes :<\/p>\n<ul>\n<li>Afin de faciliter l\u2019utilisation de nos sites Web et de s\u2019assurer que le contenu soit pertinent et pour s\u2019assurer que le contenu de nos sites Web est pr\u00e9sent\u00e9 de la mani\u00e8re la plus efficace pour vous et pour votre appareil<\/li>\n<li>Afin de nous permettre de traiter des demandes de cr\u00e9dit<\/li>\n<li>Afin de nous permettre de communiquer avec vous pour toutes questions ou tous commentaires<\/li>\n<li>Afin de pouvoir pr\u00e9venir et faire enqu\u00eate sur de possibles atteintes \u00e0 la s\u00e9curit\u00e9 de notre Site ou sur des activit\u00e9s qui peuvent se r\u00e9v\u00e9ler interdites ou ill\u00e9gales.<\/li>\n<\/ul>\n<h2>Comment les renseignements personnels sont utilis\u00e9s<\/h2>\n<p>Nous pouvons divulguer vos renseignements personnels \u00e0 tout membre de notre organisation qui a besoin d\u2019acc\u00e9der aux donn\u00e9es des utilisateurs pour atteindre les objectifs \u00e9nonc\u00e9s dans la Politique.<\/p>\n<h2>Autres divulgations<\/h2>\n<p>Nous nous engageons \u00e0 ne pas vendre ou divulguer vos renseignements personnels avec des tiers, sauf dans les cas suivants :<\/p>\n<ul>\n<li>si la loi l\u2019exige<\/li>\n<li>si cela est requis afin de respecter une ordonnance juridique ou une action en justice similaire<\/li>\n<li>pour prouver et prot\u00e9ger nos droits l\u00e9gaux<\/li>\n<li>toute entit\u00e9 ou acheteur potentiel advenant une fusion ou un changement de contr\u00f4le de la soci\u00e9t\u00e9, en tout ou en partie, et ce, uniquement si les parties concluent une entente o\u00f9 la communication des renseignements personnels est limit\u00e9e \u00e0 la transaction commerciale.<\/li>\n<\/ul>\n<h2>Liens vers les sites tiers<\/h2>\n<p>Notre Site contient des liens vers d\u2019autres sites dont les proc\u00e9dures en mati\u00e8re de politique de confidentialit\u00e9 et de la protection de la vie priv\u00e9e peuvent diff\u00e9rer de celle de Credit instant. Nous ne sommes pas responsables de leurs politiques et nous n\u2019avons aucun contr\u00f4le sur celles-ci. Nous vous invitons \u00e0 lire attentivement la politique de confidentialit\u00e9 de tout site Internet que vous visitez.<\/p>\n<h2>Dur\u00e9e de conservation des renseignements personnels<\/h2>\n<p>Nous conservons les renseignements personnels pendant une p\u00e9riode raisonnable pour atteindre les fins pour lesquelles ils ont \u00e9t\u00e9 recueillis.<\/p>\n<h2>Comment nous prot\u00e9geons vos renseignements personnels<\/h2>\n<p>Afin d\u2019assurer la s\u00e9curit\u00e9 de vos renseignements personnels, nous utilisons la technologie du protocole s\u00e9curis\u00e9 de cryptage (Secure Socket Layer ou SSL). Nous suivons les normes reconnues pour prot\u00e9ger les donn\u00e9es qui nous sont communiqu\u00e9es, pendant leur transmission et apr\u00e8s leur r\u00e9ception. Les renseignements ne sont accessibles qu\u2019\u00e0 nos employ\u00e9s qui sont li\u00e9s par des accords de confidentialit\u00e9 stricts.<\/p>\n<p>Bien que nous prenions toutes les pr\u00e9cautions raisonnables pour garantir la s\u00e9curit\u00e9 des donn\u00e9es des utilisateurs et la protection de vos renseignements personnels, nous ne pouvons vous garantir une s\u00e9curit\u00e9 absolue.<\/p>\n<h2>Mineurs<\/h2>\n<p>Nous ne recueillons pas sciemment de renseignements personnels aupr\u00e8s de mineurs \u00e2g\u00e9s de moins de 14 ans. Tout mineur doit avoir re\u00e7u le consentement du titulaire de l\u2019autorit\u00e9 parentale ou du tuteur pour nous fournir des renseignements personnels. Si vous \u00eates un parent ou un tuteur et que vous savez que votre enfant nous a transmis des renseignements personnels, veuillez communiquer avec notre responsable de la protection des renseignements personnels. Nous prendrons les mesures n\u00e9cessaires pour supprimer tous renseignements personnels de notre serveur.<\/p>\n<h2>Comment acc\u00e9der aux renseignements personnels recueillis, les modifier, les supprimer ou les contester<\/h2>\n<p>Si vous souhaitez acc\u00e9der \u00e0 vos renseignements personnels, les corriger, les mettre \u00e0 jour ou les supprimer, veuillez communiquer avec notre responsable de la protection des renseignements personnels.<\/p>\n<h2>Politique sur les t\u00e9moins commun\u00e9ment appel\u00e9s \u00ab\u00a0<em>cookie\u00a0<\/em>\u00bb<\/h2>\n<p>Un t\u00e9moin \u00ab cookie \u00bb est un petit fichier texte sauvegard\u00e9 dans le dossier \u00ab T\u00e9moins\u00a0\u00bb sur le disque dur de l\u2019utilisateur par le site Internet. Il permet de recueillir des informations relatives aux habitudes de navigation de l\u2019utilisateur. Vous pouvez \u00eatre averti chaque fois qu\u2019un t\u00e9moin est transmis ou d\u00e9sactiver enti\u00e8rement les t\u00e9moins dans votre navigateur. Toutefois, cela peut diminuer la qualit\u00e9 de l\u2019exp\u00e9rience utilisateur sur le site Internet.<\/p>\n<p>Nous utilisons les types de t\u00e9moins suivants sur notre Site :<\/p>\n<h3>T\u00e9moin n\u00e9cessaire<\/h3>\n<p>Les t\u00e9moins n\u00e9cessaires sont cruciaux pour les fonctions de base du Site et celui-ci ne fonctionnera pas comme pr\u00e9vu sans eux. Ces t\u00e9moins ne stockent aucune donn\u00e9e personnellement identifiable, donc aucun renseignement personnel.<\/p>\n<h3>T\u00e9moin fonctionnel<\/h3>\n<p>Les t\u00e9moins fonctionnels permettent d&#8217;ex\u00e9cuter certaines fonctionnalit\u00e9s tel que le partage du contenu du Site sur des plateformes de m\u00e9dias sociaux, la collecte de commentaires et d&#8217;autres fonctionnalit\u00e9s tierces.<\/p>\n<h3>T\u00e9moin analytique<\/h3>\n<p>Les t\u00e9moins analytiques sont utilis\u00e9s pour comprendre comment les visiteurs interagissent avec le Site. Ces t\u00e9moins aident \u00e0 fournir des informations sur le nombre de visiteurs, le taux de rebond, la source de trafic, etc.<\/p>\n<h3>T\u00e9moin de performance<\/h3>\n<p>Les t\u00e9moins de performance sont utilis\u00e9s pour comprendre et analyser les indices de performance cl\u00e9s du Site, ce qui permet de fournir une meilleure exp\u00e9rience utilisateur aux visiteurs.<\/p>\n<h3>T\u00e9moin de publicit\u00e9<\/h3>\n<p>Les t\u00e9moins de publicit\u00e9 sont utilis\u00e9s pour fournir aux visiteurs des publicit\u00e9s personnalis\u00e9es bas\u00e9es sur les pages visit\u00e9es pr\u00e9c\u00e9demment et analyser l&#8217;efficacit\u00e9 de la campagne publicitaire.<\/p>\n<h2>Modifications apport\u00e9es \u00e0 la Politique<\/h2>\n<p>Nous pouvons modifier la Politique \u00e0 tout moment sans vous en informer au pr\u00e9alable. Nous vous invitons \u00e0 la consulter r\u00e9guli\u00e8rement. Si nous apportons des modifications importantes \u00e0 cette Politique, nous vous en informerons ici, par courriel ou en publiant un avis sur notre site Internet avant l\u2019entr\u00e9e en vigueur des modifications.<\/p>\n<h2>Informations<\/h2>\n<p>Si vous avez des questions au sujet de notre Politique, des pr\u00e9occupations ou des plaintes, vous pouvez communiquer avec notre responsable de la protection des renseignements personnels.<\/p>\n<p>Derni\u00e8re mise \u00e0 jour de la Politique : 12 septembre 2023<\/p>\n","protected":false},"excerpt":{"rendered":"<p>Date d\u2019entr\u00e9e en vigueur : 12 septembre 2023 Chez Credit instant, nous respectons votre droit \u00e0 la vie priv\u00e9e et [&hellip;]<\/p>\n","protected":false},"author":5,"featured_media":0,"parent":0,"menu_order":0,"comment_status":"closed","ping_status":"closed","template":"page-templates\/no-header.php","meta":{"_acf_changed":false,"footnotes":""},"class_list":["post-418","page","type-page","status-publish","hentry"],"acf":[],"_links":{"self":[{"href":"https:\/\/www.xn--crditinstant-ceb.com\/fr\/wp-json\/wp\/v2\/pages\/418"}],"collection":[{"href":"https:\/\/www.xn--crditinstant-ceb.com\/fr\/wp-json\/wp\/v2\/pages"}],"about":[{"href":"https:\/\/www.xn--crditinstant-ceb.com\/fr\/wp-json\/wp\/v2\/types\/page"}],"author":[{"embeddable":true,"href":"https:\/\/www.xn--crditinstant-ceb.com\/fr\/wp-json\/wp\/v2\/users\/5"}],"replies":[{"embeddable":true,"href":"https:\/\/www.xn--crditinstant-ceb.com\/fr\/wp-json\/wp\/v2\/comments?post=418"}],"version-history":[{"count":0,"href":"https:\/\/www.xn--crditinstant-ceb.com\/fr\/wp-json\/wp\/v2\/pages\/418\/revisions"}],"wp:attachment":[{"href":"https:\/\/www.xn--crditinstant-ceb.com\/fr\/wp-json\/wp\/v2\/media?parent=418"}],"curies":[{"name":"wp","href":"https:\/\/api.w.org\/{rel}","templated":true}]}}